{"id":9127,"date":"2023-07-12T22:31:54","date_gmt":"2023-07-12T21:31:54","guid":{"rendered":"https:\/\/muslimpresents.com\/?post_type=product&#038;p=9127"},"modified":"2026-04-03T23:02:15","modified_gmt":"2026-04-03T21:02:15","slug":"allah-en-buyuktur","status":"publish","type":"product","link":"https:\/\/muslimpresents.com\/tr\/shop\/allah-en-buyuktur","title":{"rendered":"Allah en b\u00fcy\u00fckt\u00fcr"},"content":{"rendered":"<p>Kuran\u2019dan bir ayet. Allah en b\u00fcy\u00fckt\u00fcr. Arap\u00e7a kaligrafi.<\/p>\n<p>\u00dcr\u00fcn Hakk\u0131nda<\/p>\n<p>D\u00f6vme tekni\u011fiyle yap\u0131lm\u0131\u015f, metalden yap\u0131lm\u0131\u015f hediyelik e\u015fya. Motif, s\u0131rl\u0131 ah\u015fap \u00e7er\u00e7eve i\u00e7ine al\u0131nm\u0131\u015f kadife bir kaide \u00fczerine monte edilmi\u015ftir. \u00dcr\u00fcn uygun ambalaj kutusunda paketlenip korunmaktad\u0131r.<\/p>\n","protected":false},"excerpt":{"rendered":"<p>D\u00f6vme tekni\u011fiyle yap\u0131lm\u0131\u015f, metalden yap\u0131lm\u0131\u015f hediyelik e\u015fya. Motif, s\u0131rl\u0131 ah\u015fap \u00e7er\u00e7eve i\u00e7ine al\u0131nm\u0131\u015f kadife bir kaide \u00fczerine monte edilmi\u015ftir. \u00dcr\u00fcn uygun ambalaj kutusunda paketlenip korunmaktad\u0131r.<\/p>\n","protected":false},"featured_media":6646,"template":"","meta":[],"product_brand":[],"product_cat":[657],"product_tag":[],"class_list":{"0":"post-9127","1":"product","2":"type-product","3":"status-publish","4":"has-post-thumbnail","6":"product_cat-muslim-presents-in-box","8":"first","9":"instock","10":"shipping-taxable","11":"purchasable","12":"product-type-variable"},"yoast_head":"<!-- This site is optimized with the Yoast SEO plugin v25.4 - https:\/\/yoast.com\/wordpress\/plugins\/seo\/ -->\n<title>Allah en b\u00fcy\u00fckt\u00fcr - Muslim Presents<\/title>\n<meta name=\"robots\" content=\"index, follow, max-snippet:-1, max-image-preview:large, max-video-preview:-1\" \/>\n<link rel=\"canonical\" href=\"https:\/\/muslimpresents.com\/tr\/shop\/allah-en-buyuktur\" \/>\n<meta property=\"og:locale\" content=\"tr_TR\" \/>\n<meta property=\"og:type\" content=\"article\" \/>\n<meta property=\"og:title\" content=\"Allah en b\u00fcy\u00fckt\u00fcr - Muslim Presents\" \/>\n<meta property=\"og:description\" content=\"D\u00f6vme tekni\u011fiyle yap\u0131lm\u0131\u015f, metalden yap\u0131lm\u0131\u015f hediyelik e\u015fya. Motif, s\u0131rl\u0131 ah\u015fap \u00e7er\u00e7eve i\u00e7ine al\u0131nm\u0131\u015f kadife bir kaide \u00fczerine monte edilmi\u015ftir. \u00dcr\u00fcn uygun ambalaj kutusunda paketlenip korunmaktad\u0131r.\" \/>\n<meta property=\"og:url\" content=\"https:\/\/muslimpresents.com\/tr\/shop\/allah-en-buyuktur\" \/>\n<meta property=\"og:site_name\" content=\"Muslim Presents\" \/>\n<meta property=\"article:publisher\" content=\"https:\/\/en-gb.facebook.com\/avers.mk\" \/>\n<meta property=\"article:modified_time\" content=\"2026-04-03T21:02:15+00:00\" \/>\n<meta property=\"og:image\" content=\"https:\/\/muslimpresents.com\/wp-content\/uploads\/2023\/07\/podarok_vo_kutija_poklon_muslimanska_molitva_arapska_kaligrafija_kuran_alah_dhurate_ne_kornize_lutje_muslimane_profeti_gift_in_frame_muslim_islam_prayer_arabic_calligraphy_holy_quran_allah_greatest.jpg\" \/>\n\t<meta property=\"og:image:width\" content=\"734\" \/>\n\t<meta property=\"og:image:height\" content=\"943\" \/>\n\t<meta property=\"og:image:type\" content=\"image\/jpeg\" \/>\n<meta name=\"twitter:card\" content=\"summary_large_image\" \/>\n<meta name=\"twitter:site\" content=\"@avers_mk\" \/>\n<script type=\"application\/ld+json\" class=\"yoast-schema-graph\">{\"@context\":\"https:\/\/schema.org\",\"@graph\":[{\"@type\":\"WebPage\",\"@id\":\"https:\/\/muslimpresents.com\/tr\/shop\/allah-en-buyuktur\",\"url\":\"https:\/\/muslimpresents.com\/tr\/shop\/allah-en-buyuktur\",\"name\":\"Allah en b\u00fcy\u00fckt\u00fcr - Muslim Presents\",\"isPartOf\":{\"@id\":\"https:\/\/muslimpresents.com\/#website\"},\"primaryImageOfPage\":{\"@id\":\"https:\/\/muslimpresents.com\/tr\/shop\/allah-en-buyuktur#primaryimage\"},\"image\":{\"@id\":\"https:\/\/muslimpresents.com\/tr\/shop\/allah-en-buyuktur#primaryimage\"},\"thumbnailUrl\":\"https:\/\/muslimpresents.com\/wp-content\/uploads\/2023\/07\/podarok_vo_kutija_poklon_muslimanska_molitva_arapska_kaligrafija_kuran_alah_dhurate_ne_kornize_lutje_muslimane_profeti_gift_in_frame_muslim_islam_prayer_arabic_calligraphy_holy_quran_allah_greatest.jpg\",\"datePublished\":\"2023-07-12T21:31:54+00:00\",\"dateModified\":\"2026-04-03T21:02:15+00:00\",\"breadcrumb\":{\"@id\":\"https:\/\/muslimpresents.com\/tr\/shop\/allah-en-buyuktur#breadcrumb\"},\"inLanguage\":\"tr\",\"potentialAction\":[{\"@type\":\"ReadAction\",\"target\":[\"https:\/\/muslimpresents.com\/tr\/shop\/allah-en-buyuktur\"]}]},{\"@type\":\"ImageObject\",\"inLanguage\":\"tr\",\"@id\":\"https:\/\/muslimpresents.com\/tr\/shop\/allah-en-buyuktur#primaryimage\",\"url\":\"https:\/\/muslimpresents.com\/wp-content\/uploads\/2023\/07\/podarok_vo_kutija_poklon_muslimanska_molitva_arapska_kaligrafija_kuran_alah_dhurate_ne_kornize_lutje_muslimane_profeti_gift_in_frame_muslim_islam_prayer_arabic_calligraphy_holy_quran_allah_greatest.jpg\",\"contentUrl\":\"https:\/\/muslimpresents.com\/wp-content\/uploads\/2023\/07\/podarok_vo_kutija_poklon_muslimanska_molitva_arapska_kaligrafija_kuran_alah_dhurate_ne_kornize_lutje_muslimane_profeti_gift_in_frame_muslim_islam_prayer_arabic_calligraphy_holy_quran_allah_greatest.jpg\",\"width\":734,\"height\":943},{\"@type\":\"BreadcrumbList\",\"@id\":\"https:\/\/muslimpresents.com\/tr\/shop\/allah-en-buyuktur#breadcrumb\",\"itemListElement\":[{\"@type\":\"ListItem\",\"position\":1,\"name\":\"\u041f\u043e\u0447\u0435\u0442\u043d\u0430\",\"item\":\"https:\/\/muslimpresents.com\/tr\"},{\"@type\":\"ListItem\",\"position\":2,\"name\":\"Ma\u011faza\",\"item\":\"https:\/\/muslimpresents.com\/tr\/shop\"},{\"@type\":\"ListItem\",\"position\":3,\"name\":\"Allah en b\u00fcy\u00fckt\u00fcr\"}]},{\"@type\":\"WebSite\",\"@id\":\"https:\/\/muslimpresents.com\/#website\",\"url\":\"https:\/\/muslimpresents.com\/\",\"name\":\"Muslim Presents\",\"description\":\"Web Shop\",\"publisher\":{\"@id\":\"https:\/\/muslimpresents.com\/#organization\"},\"potentialAction\":[{\"@type\":\"SearchAction\",\"target\":{\"@type\":\"EntryPoint\",\"urlTemplate\":\"https:\/\/muslimpresents.com\/?s={search_term_string}\"},\"query-input\":{\"@type\":\"PropertyValueSpecification\",\"valueRequired\":true,\"valueName\":\"search_term_string\"}}],\"inLanguage\":\"tr\"},{\"@type\":\"Organization\",\"@id\":\"https:\/\/muslimpresents.com\/#organization\",\"name\":\"AVERS\",\"url\":\"https:\/\/muslimpresents.com\/\",\"logo\":{\"@type\":\"ImageObject\",\"inLanguage\":\"tr\",\"@id\":\"https:\/\/muslimpresents.com\/#\/schema\/logo\/image\/\",\"url\":\"https:\/\/www.avers.mk\/wp-content\/uploads\/2022\/01\/web-logo-avers-ok-01.svg\",\"contentUrl\":\"https:\/\/www.avers.mk\/wp-content\/uploads\/2022\/01\/web-logo-avers-ok-01.svg\",\"width\":282,\"height\":211,\"caption\":\"AVERS\"},\"image\":{\"@id\":\"https:\/\/muslimpresents.com\/#\/schema\/logo\/image\/\"},\"sameAs\":[\"https:\/\/en-gb.facebook.com\/avers.mk\",\"https:\/\/x.com\/avers_mk\",\"https:\/\/mk.linkedin.com\/in\/aversgifts\"]}]}<\/script>\n<!-- \/ Yoast SEO plugin. -->","yoast_head_json":{"title":"Allah en b\u00fcy\u00fckt\u00fcr - Muslim Presents","robots":{"index":"index","follow":"follow","max-snippet":"max-snippet:-1","max-image-preview":"max-image-preview:large","max-video-preview":"max-video-preview:-1"},"canonical":"https:\/\/muslimpresents.com\/tr\/shop\/allah-en-buyuktur","og_locale":"tr_TR","og_type":"article","og_title":"Allah en b\u00fcy\u00fckt\u00fcr - Muslim Presents","og_description":"D\u00f6vme tekni\u011fiyle yap\u0131lm\u0131\u015f, metalden yap\u0131lm\u0131\u015f hediyelik e\u015fya. Motif, s\u0131rl\u0131 ah\u015fap \u00e7er\u00e7eve i\u00e7ine al\u0131nm\u0131\u015f kadife bir kaide \u00fczerine monte edilmi\u015ftir. \u00dcr\u00fcn uygun ambalaj kutusunda paketlenip korunmaktad\u0131r.","og_url":"https:\/\/muslimpresents.com\/tr\/shop\/allah-en-buyuktur","og_site_name":"Muslim Presents","article_publisher":"https:\/\/en-gb.facebook.com\/avers.mk","article_modified_time":"2026-04-03T21:02:15+00:00","og_image":[{"width":734,"height":943,"url":"https:\/\/muslimpresents.com\/wp-content\/uploads\/2023\/07\/podarok_vo_kutija_poklon_muslimanska_molitva_arapska_kaligrafija_kuran_alah_dhurate_ne_kornize_lutje_muslimane_profeti_gift_in_frame_muslim_islam_prayer_arabic_calligraphy_holy_quran_allah_greatest.jpg","type":"image\/jpeg"}],"twitter_card":"summary_large_image","twitter_site":"@avers_mk","schema":{"@context":"https:\/\/schema.org","@graph":[{"@type":"WebPage","@id":"https:\/\/muslimpresents.com\/tr\/shop\/allah-en-buyuktur","url":"https:\/\/muslimpresents.com\/tr\/shop\/allah-en-buyuktur","name":"Allah en b\u00fcy\u00fckt\u00fcr - Muslim Presents","isPartOf":{"@id":"https:\/\/muslimpresents.com\/#website"},"primaryImageOfPage":{"@id":"https:\/\/muslimpresents.com\/tr\/shop\/allah-en-buyuktur#primaryimage"},"image":{"@id":"https:\/\/muslimpresents.com\/tr\/shop\/allah-en-buyuktur#primaryimage"},"thumbnailUrl":"https:\/\/muslimpresents.com\/wp-content\/uploads\/2023\/07\/podarok_vo_kutija_poklon_muslimanska_molitva_arapska_kaligrafija_kuran_alah_dhurate_ne_kornize_lutje_muslimane_profeti_gift_in_frame_muslim_islam_prayer_arabic_calligraphy_holy_quran_allah_greatest.jpg","datePublished":"2023-07-12T21:31:54+00:00","dateModified":"2026-04-03T21:02:15+00:00","breadcrumb":{"@id":"https:\/\/muslimpresents.com\/tr\/shop\/allah-en-buyuktur#breadcrumb"},"inLanguage":"tr","potentialAction":[{"@type":"ReadAction","target":["https:\/\/muslimpresents.com\/tr\/shop\/allah-en-buyuktur"]}]},{"@type":"ImageObject","inLanguage":"tr","@id":"https:\/\/muslimpresents.com\/tr\/shop\/allah-en-buyuktur#primaryimage","url":"https:\/\/muslimpresents.com\/wp-content\/uploads\/2023\/07\/podarok_vo_kutija_poklon_muslimanska_molitva_arapska_kaligrafija_kuran_alah_dhurate_ne_kornize_lutje_muslimane_profeti_gift_in_frame_muslim_islam_prayer_arabic_calligraphy_holy_quran_allah_greatest.jpg","contentUrl":"https:\/\/muslimpresents.com\/wp-content\/uploads\/2023\/07\/podarok_vo_kutija_poklon_muslimanska_molitva_arapska_kaligrafija_kuran_alah_dhurate_ne_kornize_lutje_muslimane_profeti_gift_in_frame_muslim_islam_prayer_arabic_calligraphy_holy_quran_allah_greatest.jpg","width":734,"height":943},{"@type":"BreadcrumbList","@id":"https:\/\/muslimpresents.com\/tr\/shop\/allah-en-buyuktur#breadcrumb","itemListElement":[{"@type":"ListItem","position":1,"name":"\u041f\u043e\u0447\u0435\u0442\u043d\u0430","item":"https:\/\/muslimpresents.com\/tr"},{"@type":"ListItem","position":2,"name":"Ma\u011faza","item":"https:\/\/muslimpresents.com\/tr\/shop"},{"@type":"ListItem","position":3,"name":"Allah en b\u00fcy\u00fckt\u00fcr"}]},{"@type":"WebSite","@id":"https:\/\/muslimpresents.com\/#website","url":"https:\/\/muslimpresents.com\/","name":"Muslim Presents","description":"Web Shop","publisher":{"@id":"https:\/\/muslimpresents.com\/#organization"},"potentialAction":[{"@type":"SearchAction","target":{"@type":"EntryPoint","urlTemplate":"https:\/\/muslimpresents.com\/?s={search_term_string}"},"query-input":{"@type":"PropertyValueSpecification","valueRequired":true,"valueName":"search_term_string"}}],"inLanguage":"tr"},{"@type":"Organization","@id":"https:\/\/muslimpresents.com\/#organization","name":"AVERS","url":"https:\/\/muslimpresents.com\/","logo":{"@type":"ImageObject","inLanguage":"tr","@id":"https:\/\/muslimpresents.com\/#\/schema\/logo\/image\/","url":"https:\/\/www.avers.mk\/wp-content\/uploads\/2022\/01\/web-logo-avers-ok-01.svg","contentUrl":"https:\/\/www.avers.mk\/wp-content\/uploads\/2022\/01\/web-logo-avers-ok-01.svg","width":282,"height":211,"caption":"AVERS"},"image":{"@id":"https:\/\/muslimpresents.com\/#\/schema\/logo\/image\/"},"sameAs":["https:\/\/en-gb.facebook.com\/avers.mk","https:\/\/x.com\/avers_mk","https:\/\/mk.linkedin.com\/in\/aversgifts"]}]}},"_links":{"self":[{"href":"https:\/\/muslimpresents.com\/tr\/wp-json\/wp\/v2\/product\/9127","targetHints":{"allow":["GET"]}}],"collection":[{"href":"https:\/\/muslimpresents.com\/tr\/wp-json\/wp\/v2\/product"}],"about":[{"href":"https:\/\/muslimpresents.com\/tr\/wp-json\/wp\/v2\/types\/product"}],"wp:featuredmedia":[{"embeddable":true,"href":"https:\/\/muslimpresents.com\/tr\/wp-json\/wp\/v2\/media\/6646"}],"wp:attachment":[{"href":"https:\/\/muslimpresents.com\/tr\/wp-json\/wp\/v2\/media?parent=9127"}],"wp:term":[{"taxonomy":"product_brand","embeddable":true,"href":"https:\/\/muslimpresents.com\/tr\/wp-json\/wp\/v2\/product_brand?post=9127"},{"taxonomy":"product_cat","embeddable":true,"href":"https:\/\/muslimpresents.com\/tr\/wp-json\/wp\/v2\/product_cat?post=9127"},{"taxonomy":"product_tag","embeddable":true,"href":"https:\/\/muslimpresents.com\/tr\/wp-json\/wp\/v2\/product_tag?post=9127"}],"curies":[{"name":"wp","href":"https:\/\/api.w.org\/{rel}","templated":true}]}}