{"id":9123,"date":"2023-07-12T22:31:54","date_gmt":"2023-07-12T21:31:54","guid":{"rendered":"https:\/\/muslimpresents.com\/?post_type=product&#038;p=9123"},"modified":"2026-04-03T23:01:48","modified_gmt":"2026-04-03T21:01:48","slug":"allah-est-le-plus-grand","status":"publish","type":"product","link":"https:\/\/muslimpresents.com\/fr\/shop\/allah-est-le-plus-grand","title":{"rendered":"Allah est le plus grand"},"content":{"rendered":"<p>Un verset du Coran. Allah est le plus grand. Calligraphie arabe.<\/p>\n<p>\u00c0 propos du produit<\/p>\n<p>Cadeau en m\u00e9tal, r\u00e9alis\u00e9 selon la technique de forgeage. Le motif est mont\u00e9 sur un socle en velours encadr\u00e9 dans un cadre en bois verniss\u00e9. Le produit est emball\u00e9 et prot\u00e9g\u00e9 dans une boite d\u2019emballage adapt\u00e9e.<\/p>\n","protected":false},"excerpt":{"rendered":"<p>Cadeau en m\u00e9tal, r\u00e9alis\u00e9 selon la technique de forgeage. Le motif est mont\u00e9 sur un socle en velours encadr\u00e9 dans un cadre en bois verniss\u00e9. Le produit est emball\u00e9 et prot\u00e9g\u00e9 dans une boite d\u2019emballage adapt\u00e9e.<\/p>\n","protected":false},"featured_media":6956,"template":"","meta":[],"product_brand":[],"product_cat":[473],"product_tag":[],"class_list":{"0":"post-9123","1":"product","2":"type-product","3":"status-publish","4":"has-post-thumbnail","6":"product_cat-muslim-presents-in-box-en-fr","8":"first","9":"instock","10":"shipping-taxable","11":"purchasable","12":"product-type-variable"},"yoast_head":"<!-- This site is optimized with the Yoast SEO plugin v25.4 - https:\/\/yoast.com\/wordpress\/plugins\/seo\/ -->\n<title>Allah est le plus grand - Muslim Presents<\/title>\n<meta name=\"robots\" content=\"index, follow, max-snippet:-1, max-image-preview:large, max-video-preview:-1\" \/>\n<link rel=\"canonical\" href=\"https:\/\/muslimpresents.com\/fr\/shop\/allah-est-le-plus-grand\" \/>\n<meta property=\"og:locale\" content=\"fr_FR\" \/>\n<meta property=\"og:type\" content=\"article\" \/>\n<meta property=\"og:title\" content=\"Allah est le plus grand - Muslim Presents\" \/>\n<meta property=\"og:description\" content=\"Cadeau en m\u00e9tal, r\u00e9alis\u00e9 selon la technique de forgeage. Le motif est mont\u00e9 sur un socle en velours encadr\u00e9 dans un cadre en bois verniss\u00e9. Le produit est emball\u00e9 et prot\u00e9g\u00e9 dans une boite d\u2019emballage adapt\u00e9e.\" \/>\n<meta property=\"og:url\" content=\"https:\/\/muslimpresents.com\/fr\/shop\/allah-est-le-plus-grand\" \/>\n<meta property=\"og:site_name\" content=\"Muslim Presents\" \/>\n<meta property=\"article:publisher\" content=\"https:\/\/en-gb.facebook.com\/avers.mk\" \/>\n<meta property=\"article:modified_time\" content=\"2026-04-03T21:01:48+00:00\" \/>\n<meta property=\"og:image\" content=\"https:\/\/muslimpresents.com\/wp-content\/uploads\/2023\/07\/podarok_vo_kutija_poklon_muslimanska_molitva_arapska_kaligrafija_kuran_alah_dhurate_ne_kornize_lutje_muslimane_profeti_gift_in_frame_muslim_islam_prayer_arabic_calligraphy_holy_quran_allah_greatest.jpg\" \/>\n\t<meta property=\"og:image:width\" content=\"734\" \/>\n\t<meta property=\"og:image:height\" content=\"943\" \/>\n\t<meta property=\"og:image:type\" content=\"image\/jpeg\" \/>\n<meta name=\"twitter:card\" content=\"summary_large_image\" \/>\n<meta name=\"twitter:site\" content=\"@avers_mk\" \/>\n<script type=\"application\/ld+json\" class=\"yoast-schema-graph\">{\"@context\":\"https:\/\/schema.org\",\"@graph\":[{\"@type\":\"WebPage\",\"@id\":\"https:\/\/muslimpresents.com\/fr\/shop\/allah-est-le-plus-grand\",\"url\":\"https:\/\/muslimpresents.com\/fr\/shop\/allah-est-le-plus-grand\",\"name\":\"Allah est le plus grand - Muslim Presents\",\"isPartOf\":{\"@id\":\"https:\/\/muslimpresents.com\/#website\"},\"primaryImageOfPage\":{\"@id\":\"https:\/\/muslimpresents.com\/fr\/shop\/allah-est-le-plus-grand#primaryimage\"},\"image\":{\"@id\":\"https:\/\/muslimpresents.com\/fr\/shop\/allah-est-le-plus-grand#primaryimage\"},\"thumbnailUrl\":\"https:\/\/muslimpresents.com\/wp-content\/uploads\/2023\/07\/podarok_vo_kutija_poklon_muslimanska_molitva_arapska_kaligrafija_kuran_alah_dhurate_ne_kornize_lutje_muslimane_profeti_gift_in_frame_muslim_islam_prayer_arabic_calligraphy_holy_quran_allah_greatest.jpg\",\"datePublished\":\"2023-07-12T21:31:54+00:00\",\"dateModified\":\"2026-04-03T21:01:48+00:00\",\"breadcrumb\":{\"@id\":\"https:\/\/muslimpresents.com\/fr\/shop\/allah-est-le-plus-grand#breadcrumb\"},\"inLanguage\":\"fr-FR\",\"potentialAction\":[{\"@type\":\"ReadAction\",\"target\":[\"https:\/\/muslimpresents.com\/fr\/shop\/allah-est-le-plus-grand\"]}]},{\"@type\":\"ImageObject\",\"inLanguage\":\"fr-FR\",\"@id\":\"https:\/\/muslimpresents.com\/fr\/shop\/allah-est-le-plus-grand#primaryimage\",\"url\":\"https:\/\/muslimpresents.com\/wp-content\/uploads\/2023\/07\/podarok_vo_kutija_poklon_muslimanska_molitva_arapska_kaligrafija_kuran_alah_dhurate_ne_kornize_lutje_muslimane_profeti_gift_in_frame_muslim_islam_prayer_arabic_calligraphy_holy_quran_allah_greatest.jpg\",\"contentUrl\":\"https:\/\/muslimpresents.com\/wp-content\/uploads\/2023\/07\/podarok_vo_kutija_poklon_muslimanska_molitva_arapska_kaligrafija_kuran_alah_dhurate_ne_kornize_lutje_muslimane_profeti_gift_in_frame_muslim_islam_prayer_arabic_calligraphy_holy_quran_allah_greatest.jpg\",\"width\":734,\"height\":943},{\"@type\":\"BreadcrumbList\",\"@id\":\"https:\/\/muslimpresents.com\/fr\/shop\/allah-est-le-plus-grand#breadcrumb\",\"itemListElement\":[{\"@type\":\"ListItem\",\"position\":1,\"name\":\"\u041f\u043e\u0447\u0435\u0442\u043d\u0430\",\"item\":\"https:\/\/muslimpresents.com\/fr\"},{\"@type\":\"ListItem\",\"position\":2,\"name\":\"Boutique\",\"item\":\"https:\/\/muslimpresents.com\/fr\/shop\"},{\"@type\":\"ListItem\",\"position\":3,\"name\":\"Allah est le plus grand\"}]},{\"@type\":\"WebSite\",\"@id\":\"https:\/\/muslimpresents.com\/#website\",\"url\":\"https:\/\/muslimpresents.com\/\",\"name\":\"Muslim Presents\",\"description\":\"Web Shop\",\"publisher\":{\"@id\":\"https:\/\/muslimpresents.com\/#organization\"},\"potentialAction\":[{\"@type\":\"SearchAction\",\"target\":{\"@type\":\"EntryPoint\",\"urlTemplate\":\"https:\/\/muslimpresents.com\/?s={search_term_string}\"},\"query-input\":{\"@type\":\"PropertyValueSpecification\",\"valueRequired\":true,\"valueName\":\"search_term_string\"}}],\"inLanguage\":\"fr-FR\"},{\"@type\":\"Organization\",\"@id\":\"https:\/\/muslimpresents.com\/#organization\",\"name\":\"AVERS\",\"url\":\"https:\/\/muslimpresents.com\/\",\"logo\":{\"@type\":\"ImageObject\",\"inLanguage\":\"fr-FR\",\"@id\":\"https:\/\/muslimpresents.com\/#\/schema\/logo\/image\/\",\"url\":\"https:\/\/www.avers.mk\/wp-content\/uploads\/2022\/01\/web-logo-avers-ok-01.svg\",\"contentUrl\":\"https:\/\/www.avers.mk\/wp-content\/uploads\/2022\/01\/web-logo-avers-ok-01.svg\",\"width\":282,\"height\":211,\"caption\":\"AVERS\"},\"image\":{\"@id\":\"https:\/\/muslimpresents.com\/#\/schema\/logo\/image\/\"},\"sameAs\":[\"https:\/\/en-gb.facebook.com\/avers.mk\",\"https:\/\/x.com\/avers_mk\",\"https:\/\/mk.linkedin.com\/in\/aversgifts\"]}]}<\/script>\n<!-- \/ Yoast SEO plugin. -->","yoast_head_json":{"title":"Allah est le plus grand - Muslim Presents","robots":{"index":"index","follow":"follow","max-snippet":"max-snippet:-1","max-image-preview":"max-image-preview:large","max-video-preview":"max-video-preview:-1"},"canonical":"https:\/\/muslimpresents.com\/fr\/shop\/allah-est-le-plus-grand","og_locale":"fr_FR","og_type":"article","og_title":"Allah est le plus grand - Muslim Presents","og_description":"Cadeau en m\u00e9tal, r\u00e9alis\u00e9 selon la technique de forgeage. Le motif est mont\u00e9 sur un socle en velours encadr\u00e9 dans un cadre en bois verniss\u00e9. Le produit est emball\u00e9 et prot\u00e9g\u00e9 dans une boite d\u2019emballage adapt\u00e9e.","og_url":"https:\/\/muslimpresents.com\/fr\/shop\/allah-est-le-plus-grand","og_site_name":"Muslim Presents","article_publisher":"https:\/\/en-gb.facebook.com\/avers.mk","article_modified_time":"2026-04-03T21:01:48+00:00","og_image":[{"width":734,"height":943,"url":"https:\/\/muslimpresents.com\/wp-content\/uploads\/2023\/07\/podarok_vo_kutija_poklon_muslimanska_molitva_arapska_kaligrafija_kuran_alah_dhurate_ne_kornize_lutje_muslimane_profeti_gift_in_frame_muslim_islam_prayer_arabic_calligraphy_holy_quran_allah_greatest.jpg","type":"image\/jpeg"}],"twitter_card":"summary_large_image","twitter_site":"@avers_mk","schema":{"@context":"https:\/\/schema.org","@graph":[{"@type":"WebPage","@id":"https:\/\/muslimpresents.com\/fr\/shop\/allah-est-le-plus-grand","url":"https:\/\/muslimpresents.com\/fr\/shop\/allah-est-le-plus-grand","name":"Allah est le plus grand - Muslim Presents","isPartOf":{"@id":"https:\/\/muslimpresents.com\/#website"},"primaryImageOfPage":{"@id":"https:\/\/muslimpresents.com\/fr\/shop\/allah-est-le-plus-grand#primaryimage"},"image":{"@id":"https:\/\/muslimpresents.com\/fr\/shop\/allah-est-le-plus-grand#primaryimage"},"thumbnailUrl":"https:\/\/muslimpresents.com\/wp-content\/uploads\/2023\/07\/podarok_vo_kutija_poklon_muslimanska_molitva_arapska_kaligrafija_kuran_alah_dhurate_ne_kornize_lutje_muslimane_profeti_gift_in_frame_muslim_islam_prayer_arabic_calligraphy_holy_quran_allah_greatest.jpg","datePublished":"2023-07-12T21:31:54+00:00","dateModified":"2026-04-03T21:01:48+00:00","breadcrumb":{"@id":"https:\/\/muslimpresents.com\/fr\/shop\/allah-est-le-plus-grand#breadcrumb"},"inLanguage":"fr-FR","potentialAction":[{"@type":"ReadAction","target":["https:\/\/muslimpresents.com\/fr\/shop\/allah-est-le-plus-grand"]}]},{"@type":"ImageObject","inLanguage":"fr-FR","@id":"https:\/\/muslimpresents.com\/fr\/shop\/allah-est-le-plus-grand#primaryimage","url":"https:\/\/muslimpresents.com\/wp-content\/uploads\/2023\/07\/podarok_vo_kutija_poklon_muslimanska_molitva_arapska_kaligrafija_kuran_alah_dhurate_ne_kornize_lutje_muslimane_profeti_gift_in_frame_muslim_islam_prayer_arabic_calligraphy_holy_quran_allah_greatest.jpg","contentUrl":"https:\/\/muslimpresents.com\/wp-content\/uploads\/2023\/07\/podarok_vo_kutija_poklon_muslimanska_molitva_arapska_kaligrafija_kuran_alah_dhurate_ne_kornize_lutje_muslimane_profeti_gift_in_frame_muslim_islam_prayer_arabic_calligraphy_holy_quran_allah_greatest.jpg","width":734,"height":943},{"@type":"BreadcrumbList","@id":"https:\/\/muslimpresents.com\/fr\/shop\/allah-est-le-plus-grand#breadcrumb","itemListElement":[{"@type":"ListItem","position":1,"name":"\u041f\u043e\u0447\u0435\u0442\u043d\u0430","item":"https:\/\/muslimpresents.com\/fr"},{"@type":"ListItem","position":2,"name":"Boutique","item":"https:\/\/muslimpresents.com\/fr\/shop"},{"@type":"ListItem","position":3,"name":"Allah est le plus grand"}]},{"@type":"WebSite","@id":"https:\/\/muslimpresents.com\/#website","url":"https:\/\/muslimpresents.com\/","name":"Muslim Presents","description":"Web Shop","publisher":{"@id":"https:\/\/muslimpresents.com\/#organization"},"potentialAction":[{"@type":"SearchAction","target":{"@type":"EntryPoint","urlTemplate":"https:\/\/muslimpresents.com\/?s={search_term_string}"},"query-input":{"@type":"PropertyValueSpecification","valueRequired":true,"valueName":"search_term_string"}}],"inLanguage":"fr-FR"},{"@type":"Organization","@id":"https:\/\/muslimpresents.com\/#organization","name":"AVERS","url":"https:\/\/muslimpresents.com\/","logo":{"@type":"ImageObject","inLanguage":"fr-FR","@id":"https:\/\/muslimpresents.com\/#\/schema\/logo\/image\/","url":"https:\/\/www.avers.mk\/wp-content\/uploads\/2022\/01\/web-logo-avers-ok-01.svg","contentUrl":"https:\/\/www.avers.mk\/wp-content\/uploads\/2022\/01\/web-logo-avers-ok-01.svg","width":282,"height":211,"caption":"AVERS"},"image":{"@id":"https:\/\/muslimpresents.com\/#\/schema\/logo\/image\/"},"sameAs":["https:\/\/en-gb.facebook.com\/avers.mk","https:\/\/x.com\/avers_mk","https:\/\/mk.linkedin.com\/in\/aversgifts"]}]}},"_links":{"self":[{"href":"https:\/\/muslimpresents.com\/fr\/wp-json\/wp\/v2\/product\/9123","targetHints":{"allow":["GET"]}}],"collection":[{"href":"https:\/\/muslimpresents.com\/fr\/wp-json\/wp\/v2\/product"}],"about":[{"href":"https:\/\/muslimpresents.com\/fr\/wp-json\/wp\/v2\/types\/product"}],"wp:featuredmedia":[{"embeddable":true,"href":"https:\/\/muslimpresents.com\/fr\/wp-json\/wp\/v2\/media\/6956"}],"wp:attachment":[{"href":"https:\/\/muslimpresents.com\/fr\/wp-json\/wp\/v2\/media?parent=9123"}],"wp:term":[{"taxonomy":"product_brand","embeddable":true,"href":"https:\/\/muslimpresents.com\/fr\/wp-json\/wp\/v2\/product_brand?post=9123"},{"taxonomy":"product_cat","embeddable":true,"href":"https:\/\/muslimpresents.com\/fr\/wp-json\/wp\/v2\/product_cat?post=9123"},{"taxonomy":"product_tag","embeddable":true,"href":"https:\/\/muslimpresents.com\/fr\/wp-json\/wp\/v2\/product_tag?post=9123"}],"curies":[{"name":"wp","href":"https:\/\/api.w.org\/{rel}","templated":true}]}}